{"id":280,"date":"2020-04-24T11:13:09","date_gmt":"2020-04-24T11:13:09","guid":{"rendered":"https:\/\/anitas.ch\/?page_id=280"},"modified":"2020-09-20T13:00:45","modified_gmt":"2020-09-20T13:00:45","slug":"agb","status":"publish","type":"page","link":"https:\/\/anitas.ch\/?page_id=280","title":{"rendered":"AGB"},"content":{"rendered":"<div id=\"pl-280\"  class=\"panel-layout\" ><div id=\"pg-280-0\"  class=\"panel-grid panel-no-style\" ><div id=\"pgc-280-0-0\"  class=\"panel-grid-cell\" ><div id=\"panel-280-0-0-0\" class=\"so-panel widget widget_text panel-first-child panel-last-child\" data-index=\"0\" >\t\t\t<div class=\"textwidget\"><p><strong>Allgemeine Gesch\u00e4ftsbedingungen (AGB)<\/strong><\/p>\n<p><strong>Produkt<br \/>\n<\/strong>Wir garantieren Ihnen, durch diesen Verkaufskanal dieselbe hohe Produktequalit\u00e4t wie in unserem Ladengesch\u00e4ft anzubieten. Artikel in einwandfreiem Zustand k\u00f6nnen wir grunds\u00e4tzlich nicht zur\u00fccknehmen oder austauschen.<br \/>\nFalls ein Artikel einen Mangel aufweist, z\u00f6gern Sie nicht, uns zu benachrichtigen. Reklamationen teilen Sie uns bitte sofort mit, sp\u00e4testens aber 10 Tagen nach erfolgter Lieferung.<br \/>\nFalls ein Artikel nicht lieferbar ist, wird dieser normalerweise weder verrechnet noch zu einem sp\u00e4teren Zeitpunkt nachgesandt. Falls die M\u00f6glichkeit besteht, werden wir Ihnen selbstverst\u00e4ndlich ein Ersatzprodukt vorschlagen.<br \/>\nN\u00e4here Produkteinformationen finden Sie unter dem jeweiligen Artikel auf unserer Website oder beim gelieferten Artikel. Bei weitergehenden Informationen kontaktieren Sie uns bitte.<\/p>\n<p><strong>Bestellung<br \/>\n<\/strong>Nach Ihrer Bestellung erhalten Sie innert wenigen Minuten eine Best\u00e4tigung per E-Mail, sofern die E-Mail-Adresse richtig eingetragen wurde. Mit Ihrer Bestellung akzeptieren Sie die allgemeinen Gesch\u00e4ftsbedingungen und best\u00e4tigen gleichzeitig, dass Sie mindestens 18 Jahre alt sind.<\/p>\n<p><strong>Datenschutz<br \/>\n<\/strong>Wir geben grunds\u00e4tzlich keine pers\u00f6nlichen Kundendaten an Dritte weiter. Ausgenommen Sie lediglich die Daten, welche zur Abwicklung Ihrer Bestellung ben\u00f6tigt wird. (z.B. Lieferadresse f\u00fcr die Post)<br \/>\nUnseren gesamten Webseiteninhalt rufen Sie \u00fcber eine sichere Verbindung ab.<\/p>\n<p><strong>Retouren<br \/>\n<\/strong>Die Kundin oder der Kunde \u00fcbernimmt die Verantwortung f\u00fcr die gelieferten Produkte, auch wenn diese in seiner Abwesenheit vor der Haust\u00fcr oder bei einem Nachbarn deponiert wurden.<br \/>\nReklamationen bez\u00fcglich der Qualit\u00e4t der Lieferung werden w\u00e4hrend 10 Tagen nach Erhalt der Waren akzeptiert.<br \/>\nProdukte, welche die Kundin oder der Kunde aus Versehen bestellt hat, werden weder zur\u00fcckgenommen noch r\u00fcckerstattet.<\/p>\n<p><b>Kontakt<br \/>\n<\/b>Anita W\u00e4fler<br \/>\ninfo@anitas.ch<\/p>\n<\/div>\n\t\t<\/div><\/div><\/div><\/div>","protected":false},"excerpt":{"rendered":"<p>Allgemeine Gesch\u00e4ftsbedingungen (AGB) Produkt Wir garantieren Ihnen, durch diesen Verkaufskanal dieselbe hohe Produktequalit\u00e4t wie in unserem Ladengesch\u00e4ft anzubieten. Artikel in einwandfreiem Zustand k\u00f6nnen wir grunds\u00e4tzlich nicht zur\u00fccknehmen oder austauschen. Falls ein Artikel einen Mangel aufweist, z\u00f6gern Sie nicht, uns zu<\/p>\n","protected":false},"author":1,"featured_media":0,"parent":0,"menu_order":0,"comment_status":"closed","ping_status":"closed","template":"","meta":{"_bbp_topic_count":0,"_bbp_reply_count":0,"_bbp_total_topic_count":0,"_bbp_total_reply_count":0,"_bbp_voice_count":0,"_bbp_anonymous_reply_count":0,"_bbp_topic_count_hidden":0,"_bbp_reply_count_hidden":0,"_bbp_forum_subforum_count":0,"footnotes":""},"class_list":["post-280","page","type-page","status-publish","hentry"],"jetpack_sharing_enabled":true,"jetpack_shortlink":"https:\/\/wp.me\/P80yvZ-4w","_links":{"self":[{"href":"https:\/\/anitas.ch\/index.php?rest_route=\/wp\/v2\/pages\/280","targetHints":{"allow":["GET"]}}],"collection":[{"href":"https:\/\/anitas.ch\/index.php?rest_route=\/wp\/v2\/pages"}],"about":[{"href":"https:\/\/anitas.ch\/index.php?rest_route=\/wp\/v2\/types\/page"}],"author":[{"embeddable":true,"href":"https:\/\/anitas.ch\/index.php?rest_route=\/wp\/v2\/users\/1"}],"replies":[{"embeddable":true,"href":"https:\/\/anitas.ch\/index.php?rest_route=%2Fwp%2Fv2%2Fcomments&post=280"}],"version-history":[{"count":5,"href":"https:\/\/anitas.ch\/index.php?rest_route=\/wp\/v2\/pages\/280\/revisions"}],"predecessor-version":[{"id":804,"href":"https:\/\/anitas.ch\/index.php?rest_route=\/wp\/v2\/pages\/280\/revisions\/804"}],"wp:attachment":[{"href":"https:\/\/anitas.ch\/index.php?rest_route=%2Fwp%2Fv2%2Fmedia&parent=280"}],"curies":[{"name":"wp","href":"https:\/\/api.w.org\/{rel}","templated":true}]}}