{"id":231,"date":"2020-04-24T09:06:10","date_gmt":"2020-04-24T09:06:10","guid":{"rendered":"http:\/\/anitas.ch\/?page_id=231"},"modified":"2020-08-31T14:56:30","modified_gmt":"2020-08-31T14:56:30","slug":"anitas-coaching-und-beratung","status":"publish","type":"page","link":"https:\/\/anitas.ch\/?page_id=231","title":{"rendered":"Coaching"},"content":{"rendered":"<div id=\"pl-231\"  class=\"panel-layout\" ><div id=\"pg-231-0\"  class=\"panel-grid panel-no-style\" ><div id=\"pgc-231-0-0\"  class=\"panel-grid-cell panel-grid-cell-empty\" ><\/div><div id=\"pgc-231-0-1\"  class=\"panel-grid-cell panel-grid-cell-mobile-last\" ><div id=\"panel-231-0-1-0\" class=\"so-panel widget widget_media_image panel-first-child panel-last-child\" data-index=\"0\" ><img loading=\"lazy\" decoding=\"async\" width=\"299\" height=\"168\" src=\"https:\/\/anitas.ch\/wp-content\/uploads\/2020\/08\/images-2.jpeg\" class=\"image wp-image-653  attachment-299x168 size-299x168\" alt=\"\" style=\"max-width: 100%; height: auto;\" \/><\/div><\/div><div id=\"pgc-231-0-2\"  class=\"panel-grid-cell panel-grid-cell-empty\" ><\/div><\/div><div id=\"pg-231-1\"  class=\"panel-grid panel-no-style\" ><div id=\"pgc-231-1-0\"  class=\"panel-grid-cell\" ><div id=\"panel-231-1-0-0\" class=\"so-panel widget widget_sow-editor panel-first-child panel-last-child\" data-index=\"1\" ><div\n\t\t\t\n\t\t\tclass=\"so-widget-sow-editor so-widget-sow-editor-base\"\n\t\t\t\n\t\t>\n<div class=\"siteorigin-widget-tinymce textwidget\">\n\t<p>Befindest du dich momentan in einer \"schwierigen\" Situation beruflich oder privat?<br \/>\nDu\u00a0w\u00fcnschst dir eine Ver\u00e4nderung aber weisst nicht wie du es angehen sollst?<\/p>\n<p>Hast du auch schon oft S\u00e4tze geh\u00f6rt wie:<\/p>\n<p style=\"text-align: center;\">\"Die L\u00f6sung des Problems liegt in dir.\"<\/p>\n<p style=\"text-align: center;\">\"Probleme sind da um gel\u00f6st zu werden.\"<\/p>\n<p style=\"text-align: left;\">Ja klar - bloss wie? W\u00fcnschst du dir eine neutrale und kompetente Unterst\u00fctzung? Als Coach werde ich dich ein St\u00fcck auf deinem Weg begleiten. Ich werde dich mit der Methodik nach dem St.Galler Coaching Modell in deinem ganz pers\u00f6nlichen Ver\u00e4nderungsprozess unterst\u00fctzen.<\/p>\n<\/div>\n<\/div><\/div><\/div><\/div><div id=\"pg-231-2\"  class=\"panel-grid panel-no-style\" ><div id=\"pgc-231-2-0\"  class=\"panel-grid-cell panel-grid-cell-empty\" ><\/div><div id=\"pgc-231-2-1\"  class=\"panel-grid-cell panel-grid-cell-mobile-last\" ><div id=\"panel-231-2-1-0\" class=\"so-panel widget widget_media_image panel-first-child panel-last-child\" data-index=\"2\" ><img loading=\"lazy\" decoding=\"async\" width=\"300\" height=\"182\" src=\"https:\/\/anitas.ch\/wp-content\/uploads\/2020\/08\/mindmap-brainstorm-idea-innovation-1-300x182.jpg\" class=\"image wp-image-670  attachment-medium size-medium\" alt=\"\" style=\"max-width: 100%; height: auto;\" srcset=\"https:\/\/anitas.ch\/wp-content\/uploads\/2020\/08\/mindmap-brainstorm-idea-innovation-1-300x182.jpg 300w, https:\/\/anitas.ch\/wp-content\/uploads\/2020\/08\/mindmap-brainstorm-idea-innovation-1-768x467.jpg 768w, https:\/\/anitas.ch\/wp-content\/uploads\/2020\/08\/mindmap-brainstorm-idea-innovation-1-600x365.jpg 600w, https:\/\/anitas.ch\/wp-content\/uploads\/2020\/08\/mindmap-brainstorm-idea-innovation-1.jpg 910w\" sizes=\"auto, (max-width: 300px) 100vw, 300px\" \/><\/div><\/div><div id=\"pgc-231-2-2\"  class=\"panel-grid-cell panel-grid-cell-empty\" ><\/div><\/div><div id=\"pg-231-3\"  class=\"panel-grid panel-no-style\" ><div id=\"pgc-231-3-0\"  class=\"panel-grid-cell\" ><div id=\"panel-231-3-0-0\" class=\"so-panel widget widget_sow-editor panel-first-child panel-last-child\" data-index=\"3\" ><div\n\t\t\t\n\t\t\tclass=\"so-widget-sow-editor so-widget-sow-editor-base\"\n\t\t\t\n\t\t>\n<div class=\"siteorigin-widget-tinymce textwidget\">\n\t<p>Ein\u00a0Problem\u00a0(<a href=\"https:\/\/de.wikipedia.org\/wiki\/Neugriechische_Sprache\">griechisch<\/a>\u03c0\u03c1\u03cc\u03b2\u03bb\u03b7\u03bc\u03b1\u00a0pr\u00f3blema, deutsch\u00a0\u201adas Vorgeworfene, das Vorgelegte\u2018, \u201edas, was [zur L\u00f6sung] vorgelegt wurde, Klippe, Hindernis\u201c<sup><a href=\"https:\/\/de.wikipedia.org\/wiki\/Problem#cite_note-1\">[1]<\/a><\/sup>) nennt man eine\u00a0<a href=\"https:\/\/de.wikipedia.org\/wiki\/Aufgabe_(Pflicht)\">Aufgabe<\/a>\u00a0oder\u00a0<a href=\"https:\/\/de.wikipedia.org\/wiki\/Streitfrage\">Streitfrage<\/a>, deren\u00a0<a href=\"https:\/\/de.wikipedia.org\/wiki\/Probleml%C3%B6sen\">L\u00f6sung<\/a>\u00a0mit Schwierigkeiten verbunden ist. Probleme stellen Hindernisse dar, die \u00fcberwunden oder umgangen werden m\u00fcssen, um von einer unbefriedigenden Ausgangssituation in eine befriedigendere Zielsituation zu gelangen. Probleme treten in diversen Auspr\u00e4gungen in allen\u00a0<a href=\"https:\/\/de.wikipedia.org\/wiki\/Lebensbereich\">Lebensbereichen<\/a>\u00a0und\u00a0<a href=\"https:\/\/de.wikipedia.org\/wiki\/Wissenschaft\">Wissenschaften<\/a>\u00a0auf. Um ein Problem l\u00f6sen zu k\u00f6nnen, kann es sinnvoll sein, es in einfachere Unteraufgaben zu zerteilen oder auf ein bereits gel\u00f6stes Problem zur\u00fcckzuf\u00fchren oder die Ausgangssituation auf ungewohnte Art und Weise zu betrachten. Mehrere in einem \u00fcbergeordneten kausalen Zusammenhang stehende Probleme k\u00f6nnen als Problematik bezeichnet werden. (Textausschnitt aus Wikipedia)<\/p>\n<\/div>\n<\/div><\/div><\/div><\/div><\/div>","protected":false},"excerpt":{"rendered":"<p>Befindest du dich momentan in einer &#8222;schwierigen&#8220; Situation beruflich oder privat? Du\u00a0w\u00fcnschst dir eine Ver\u00e4nderung aber weisst nicht wie du es angehen sollst? Hast du auch schon oft S\u00e4tze geh\u00f6rt wie: &#8222;Die L\u00f6sung des Problems liegt in dir.&#8220; &#8222;Probleme sind<\/p>\n","protected":false},"author":1,"featured_media":0,"parent":0,"menu_order":0,"comment_status":"closed","ping_status":"closed","template":"","meta":{"_bbp_topic_count":0,"_bbp_reply_count":0,"_bbp_total_topic_count":0,"_bbp_total_reply_count":0,"_bbp_voice_count":0,"_bbp_anonymous_reply_count":0,"_bbp_topic_count_hidden":0,"_bbp_reply_count_hidden":0,"_bbp_forum_subforum_count":0,"jetpack_post_was_ever_published":false,"footnotes":""},"class_list":["post-231","page","type-page","status-publish","hentry"],"jetpack_sharing_enabled":true,"jetpack_shortlink":"https:\/\/wp.me\/P80yvZ-3J","_links":{"self":[{"href":"https:\/\/anitas.ch\/index.php?rest_route=\/wp\/v2\/pages\/231","targetHints":{"allow":["GET"]}}],"collection":[{"href":"https:\/\/anitas.ch\/index.php?rest_route=\/wp\/v2\/pages"}],"about":[{"href":"https:\/\/anitas.ch\/index.php?rest_route=\/wp\/v2\/types\/page"}],"author":[{"embeddable":true,"href":"https:\/\/anitas.ch\/index.php?rest_route=\/wp\/v2\/users\/1"}],"replies":[{"embeddable":true,"href":"https:\/\/anitas.ch\/index.php?rest_route=%2Fwp%2Fv2%2Fcomments&post=231"}],"version-history":[{"count":60,"href":"https:\/\/anitas.ch\/index.php?rest_route=\/wp\/v2\/pages\/231\/revisions"}],"predecessor-version":[{"id":516,"href":"https:\/\/anitas.ch\/index.php?rest_route=\/wp\/v2\/pages\/231\/revisions\/516"}],"wp:attachment":[{"href":"https:\/\/anitas.ch\/index.php?rest_route=%2Fwp%2Fv2%2Fmedia&parent=231"}],"curies":[{"name":"wp","href":"https:\/\/api.w.org\/{rel}","templated":true}]}}