{"id":1024,"date":"2025-01-11T12:27:19","date_gmt":"2025-01-11T12:27:19","guid":{"rendered":"https:\/\/anitas.ch\/?page_id=1024"},"modified":"2025-01-11T12:50:33","modified_gmt":"2025-01-11T12:50:33","slug":"ueber-mich","status":"publish","type":"page","link":"https:\/\/anitas.ch\/?page_id=1024","title":{"rendered":"\u00dcber mich"},"content":{"rendered":"\n<div class=\"wp-block-media-text is-stacked-on-mobile is-vertically-aligned-top\"><figure class=\"wp-block-media-text__media\"><img loading=\"lazy\" decoding=\"async\" width=\"675\" height=\"900\" src=\"https:\/\/anitas.ch\/wp-content\/uploads\/2025\/01\/image-2-edited.jpeg\" alt=\"\" class=\"wp-image-1119 size-full\" srcset=\"https:\/\/anitas.ch\/wp-content\/uploads\/2025\/01\/image-2-edited.jpeg 675w, https:\/\/anitas.ch\/wp-content\/uploads\/2025\/01\/image-2-edited-225x300.jpeg 225w, https:\/\/anitas.ch\/wp-content\/uploads\/2025\/01\/image-2-edited-600x800.jpeg 600w, https:\/\/anitas.ch\/wp-content\/uploads\/2025\/01\/image-2-edited-45x60.jpeg 45w, https:\/\/anitas.ch\/wp-content\/uploads\/2025\/01\/image-2-edited-68x90.jpeg 68w\" sizes=\"auto, (max-width: 675px) 100vw, 675px\" \/><\/figure><div class=\"wp-block-media-text__content\">\n<p>Ich bin gelernte Floristin und schon seit meiner Kindheit eng mit der Blumen- und Pflanzenwelt verbunden. Die Natur ist f\u00fcr mich eine Quelle der Inspiration \u2013 ich liebe es, die verschiedenen Farben und Strukturen eines Blattes oder einer Bl\u00fcte zu bewundern. Ihre wunderbare Vielfalt und die Energie, die sie ausstrahlt, faszinieren mich immer wieder.<\/p>\n\n\n\n<p>Der Mensch und seine Natur sind mir ebenso wichtig. Schon fr\u00fch interessierte mich, wie wir \u201eticken\u201c, was uns ausmacht und wie wir in Einklang mit uns selbst und unserer Umwelt leben k\u00f6nnen.<\/p>\n\n\n\n<p>Die Ausbildung zum Coach hat mir viel Freude bereitet. Es ist unglaublich, die positive Entwicklung einer Person\/Pers\u00f6nlichkeit zu erleben. Doch bald wurde mir klar, dass ich den Menschen noch ganzheitlicher unterst\u00fctzen m\u00f6chte \u2013 und so entschied ich mich, eine Ausbildung zur Organetikerin zu beginnen.<\/p>\n\n\n\n<p>Als ich Organo kennenlernte und die Anwendung an mir selbst sowie an meinen Mitmenschen erlebte, war ich von den schnellen und sp\u00fcrbaren Ergebnissen fasziniert. Es funktioniert einfach.<\/p>\n\n\n\n<p>In unserer schnellen, oft \u00fcberfordernden Zeit ist es nicht immer einfach, die Balance zu finden. Und obwohl wir heutzutage mehr Informationen \u00fcber Gesundheit und Wohlbefinden haben als je zuvor, f\u00e4llt es uns schwer, wirklich in unsere eigene Kraft zu kommen.<\/p>\n\n\n\n<p>Hier setzt die Organetik an: Sie aktiviert Ihre Selbstheilungskr\u00e4fte, l\u00f6st Energieblockaden und hilft Ihnen, zu mehr Vitalit\u00e4t, Wohlbefinden und Energie zu gelangen. So k\u00f6nnen Sie den Herausforderungen des Alltags mit mehr Leichtigkeit begegnen.<\/p>\n\n\n\n<p><\/p>\n<\/div><\/div>\n\n\n\n<p>Formularende<\/p>\n","protected":false},"excerpt":{"rendered":"<p>Ich bin gelernte Floristin und schon seit meiner Kindheit eng mit der Blumen- und Pflanzenwelt verbunden. Die Natur ist f\u00fcr mich eine Quelle der Inspiration \u2013 ich liebe es, die verschiedenen Farben und Strukturen eines Blattes oder einer Bl\u00fcte zu<\/p>\n","protected":false},"author":2,"featured_media":0,"parent":0,"menu_order":0,"comment_status":"closed","ping_status":"closed","template":"","meta":{"_bbp_topic_count":0,"_bbp_reply_count":0,"_bbp_total_topic_count":0,"_bbp_total_reply_count":0,"_bbp_voice_count":0,"_bbp_anonymous_reply_count":0,"_bbp_topic_count_hidden":0,"_bbp_reply_count_hidden":0,"_bbp_forum_subforum_count":0,"jetpack_post_was_ever_published":false,"footnotes":""},"class_list":["post-1024","page","type-page","status-publish","hentry"],"jetpack_sharing_enabled":true,"jetpack_shortlink":"https:\/\/wp.me\/P80yvZ-gw","_links":{"self":[{"href":"https:\/\/anitas.ch\/index.php?rest_route=\/wp\/v2\/pages\/1024","targetHints":{"allow":["GET"]}}],"collection":[{"href":"https:\/\/anitas.ch\/index.php?rest_route=\/wp\/v2\/pages"}],"about":[{"href":"https:\/\/anitas.ch\/index.php?rest_route=\/wp\/v2\/types\/page"}],"author":[{"embeddable":true,"href":"https:\/\/anitas.ch\/index.php?rest_route=\/wp\/v2\/users\/2"}],"replies":[{"embeddable":true,"href":"https:\/\/anitas.ch\/index.php?rest_route=%2Fwp%2Fv2%2Fcomments&post=1024"}],"version-history":[{"count":7,"href":"https:\/\/anitas.ch\/index.php?rest_route=\/wp\/v2\/pages\/1024\/revisions"}],"predecessor-version":[{"id":1162,"href":"https:\/\/anitas.ch\/index.php?rest_route=\/wp\/v2\/pages\/1024\/revisions\/1162"}],"wp:attachment":[{"href":"https:\/\/anitas.ch\/index.php?rest_route=%2Fwp%2Fv2%2Fmedia&parent=1024"}],"curies":[{"name":"wp","href":"https:\/\/api.w.org\/{rel}","templated":true}]}}